{"id":29123,"date":"2021-06-22T10:34:06","date_gmt":"2021-06-22T10:34:06","guid":{"rendered":"https:\/\/www.zaffrane.ch\/products\/"},"modified":"2026-01-05T15:43:18","modified_gmt":"2026-01-05T14:43:18","slug":"produkte","status":"publish","type":"page","link":"https:\/\/zaffrane.ch\/de\/produkte\/","title":{"rendered":"Produkte"},"content":{"rendered":"<ul>\n<strong>F\u00fcr Perfektion geerntet<\/strong><\/p>\n<div align=\" justify\">\n<em>Rein und nat\u00fcrlich<\/em>, Unser Safran stammt aus einer strengen Auswahl hochwertiger Crocus sativus-Knollen, die mit gr\u00f6sster Sorgfalt angebaut werden. Jede Safranfaden wird sorgf\u00e4ltig von Hand geerntet und luftgetrocknet, um ein maximales Aroma zu gew\u00e4hrleisten. Unser Zaffrane verleiht Ihren Gerichten mit seinem honigartigen Aroma, seiner leuchtend goldenen Farbe und seinem leicht bitteren Geschmack eine unverwechselbare Note. Ohne Zusatzstoffe, 100 % nat\u00fcrlicher Safran von unseren Feldern direkt in Ihre K\u00fcche.<\/div>\n<\/ul>\n<ul>\n<strong>Gesch\u00fctzt f\u00fcr Perfektion<\/strong><\/p>\n<div align=\" justify\">\n<em>Preserved and Sustainable<\/em>, Safran ist ein empfindlicher Schatz, der licht-, hitze- und feuchtigkeitsempfindlich ist. Damit Sie den vollen Nutzen und das intensive Aroma jedes einzelnen Fadens geniessen k\u00f6nnen, verwendet Zaffrane S\u00e0rl spezielle, luftdichte und nachhaltige Verpackungen, um Ihren Safran vor \u00e4usseren Einfl\u00fcssen und physischen Einwirkungen zu sch\u00fctzen und seine Essenz und nat\u00fcrlichen Eigenschaften zu bewahren. Entdecken Sie mit Zaffrane die Reinheit eines au\u00dfergew\u00f6hnlichen Safrans.<\/div>\n<\/ul>\n","protected":false},"excerpt":{"rendered":"<p>F\u00fcr Perfektion geerntet Rein und nat\u00fcrlich, Unser Safran stammt aus einer strengen Auswahl hochwertiger Crocus sativus-Knollen, die mit gr\u00f6sster Sorgfalt angebaut werden. Jede Safranfaden wird sorgf\u00e4ltig von Hand geerntet und luftgetrocknet, um ein maximales Aroma zu gew\u00e4hrleisten. Unser Zaffrane verleiht Ihren Gerichten mit seinem honigartigen Aroma, seiner leuchtend goldenen Farbe und seinem leicht bitteren Geschmack [&hellip;]<\/p>\n","protected":false},"author":1,"featured_media":0,"parent":0,"menu_order":0,"comment_status":"closed","ping_status":"closed","template":"page-product.php","meta":{"_acf_changed":false,"footnotes":""},"class_list":["post-29123","page","type-page","status-publish","hentry"],"acf":[],"_links":{"self":[{"href":"https:\/\/zaffrane.ch\/de\/wp-json\/wp\/v2\/pages\/29123","targetHints":{"allow":["GET"]}}],"collection":[{"href":"https:\/\/zaffrane.ch\/de\/wp-json\/wp\/v2\/pages"}],"about":[{"href":"https:\/\/zaffrane.ch\/de\/wp-json\/wp\/v2\/types\/page"}],"author":[{"embeddable":true,"href":"https:\/\/zaffrane.ch\/de\/wp-json\/wp\/v2\/users\/1"}],"replies":[{"embeddable":true,"href":"https:\/\/zaffrane.ch\/de\/wp-json\/wp\/v2\/comments?post=29123"}],"version-history":[{"count":19,"href":"https:\/\/zaffrane.ch\/de\/wp-json\/wp\/v2\/pages\/29123\/revisions"}],"predecessor-version":[{"id":31061,"href":"https:\/\/zaffrane.ch\/de\/wp-json\/wp\/v2\/pages\/29123\/revisions\/31061"}],"wp:attachment":[{"href":"https:\/\/zaffrane.ch\/de\/wp-json\/wp\/v2\/media?parent=29123"}],"curies":[{"name":"wp","href":"https:\/\/api.w.org\/{rel}","templated":true}]}}