{"id":29150,"date":"2021-06-23T15:34:43","date_gmt":"2021-06-23T13:34:43","guid":{"rendered":"https:\/\/www.zaffrane.ch\/privacy-policy\/"},"modified":"2021-07-14T08:37:07","modified_gmt":"2021-07-14T06:37:07","slug":"datenschutzrichtlinie","status":"publish","type":"page","link":"https:\/\/zaffrane.ch\/de\/datenschutzrichtlinie\/","title":{"rendered":"Datenschutzrichtlinie"},"content":{"rendered":"<p>Bei Zaffrane, erreichbar unter https:\/\/www.zaffrane.ch\/, ist eine unserer Hauptpriorit\u00e4ten die Privatsph\u00e4re unserer Besucher. Dieses Datenschutzdokument enth\u00e4lt Arten von Informationen, die von Zaffrane gesammelt und aufgezeichnet werden und wie wir sie verwenden.<\/p>\n<p>Wenn Sie zus\u00e4tzliche Fragen haben oder mehr Informationen \u00fcber unsere Datenschutzpolitik ben\u00f6tigen, z\u00f6gern Sie nicht, uns zu <a href=\"https:\/\/www.zaffrane.ch\/de\/contact\/\">kontaktieren<\/a>.<\/p>\n<h2>Log-Dateien<\/h2>\n<p>Zaffrane verwendet standardm\u00e4\u00dfig Log-Dateien. Diese Dateien protokollieren den Besuch von Webseiten. Alle Hosting-Firmen tun dies und sind ein Teil der Analytik der Hosting-Dienste. Die von den Logdateien gesammelten Informationen beinhalten Internetprotokoll (IP)-Adressen, Browsertyp, Internet Service Provider (ISP), Datums- und Zeitstempel, verweisende\/verlassende Seiten und m\u00f6glicherweise die Anzahl der Klicks. Diese werden nicht mit Informationen verkn\u00fcpft, die pers\u00f6nlich identifizierbar sind. Der Zweck dieser Informationen ist die Analyse von Trends, die Verwaltung der Website, die Verfolgung der Bewegungen der Benutzer auf der Website und die Erfassung demografischer Informationen.<\/p>\n<h2>Cookies und Webbeacons<\/h2>\n<p>Wie jede andere Website auch, verwendet Zaffrane &#8218;Cookies&#8216;. Diese Cookies werden verwendet, um Informationen zu speichern, einschlie\u00dflich der Pr\u00e4ferenzen der Besucher und der Seiten auf der Website, auf die der Besucher zugegriffen oder die er besucht hat. Die Informationen werden verwendet, um die Erfahrung des Benutzers zu optimieren, indem wir den Inhalt unserer Webseite basierend auf dem Browsertyp des Besuchers und\/oder anderen Informationen anpassen.<\/p>\n<h2>Datenschutzrichtlinien<\/h2>\n<p>Sie k\u00f6nnen diese Liste konsultieren, um die Datenschutzrichtlinien f\u00fcr jeden der Werbepartner von Zaffrane zu finden.<\/p>\n<p>Werbeserver oder Werbenetzwerke von Drittanbietern verwenden Technologien wie Cookies, JavaScript oder Web Beacons, die in ihren jeweiligen Anzeigen und Links, die auf Zaffrane erscheinen, verwendet werden und direkt an den Browser des Nutzers gesendet werden. Sie erhalten automatisch Ihre IP-Adresse, wenn dies geschieht. Diese Technologien werden verwendet, um die Effektivit\u00e4t ihrer Werbekampagnen zu messen und\/oder um die Werbeinhalte zu personalisieren, die Sie auf den von Ihnen besuchten Webseiten sehen.<\/p>\n<h2>Informationen f\u00fcr Kinder<\/h2>\n<p>Ein weiterer Teil unserer Priorit\u00e4t ist der zus\u00e4tzliche Schutz von Kindern bei der Nutzung des Internets. Wir ermutigen Eltern und Erziehungsberechtigte, ihre Online-Aktivit\u00e4ten zu beobachten, daran teilzunehmen und\/oder sie zu \u00fcberwachen und anzuleiten.<\/p>\n<p>Zaffrane sammelt wissentlich keine pers\u00f6nlichen Daten von Kindern unter 13 Jahren. Wenn Sie glauben, dass Ihr Kind diese Art von Informationen auf unserer Website zur Verf\u00fcgung gestellt hat, empfehlen wir Ihnen dringend, uns sofort zu kontaktieren und wir werden unser Bestes tun, um solche Informationen umgehend aus unseren Unterlagen zu entfernen.<\/p>\n<h2>Nur Online-Datenschutzrichtlinien<\/h2>\n<p>Diese Datenschutzrichtlinie bezieht sich nur auf unsere Online-Aktivit\u00e4ten und gilt f\u00fcr Besucher unserer Website in Bezug auf die Informationen, die sie in Zaffrane teilen und\/oder sammeln. Diese Richtlinie ist nicht anwendbar auf Informationen, die offline oder \u00fcber andere Kan\u00e4le als diese Website gesammelt werden.<\/p>\n<h2>Einverst\u00e4ndnis<\/h2>\n<p>Durch die Nutzung unserer Website erkl\u00e4ren Sie sich mit unserer Datenschutzrichtlinie einverstanden und stimmen deren Bedingungen zu.<\/p>\n","protected":false},"excerpt":{"rendered":"<p>Bei Zaffrane, erreichbar unter https:\/\/www.zaffrane.ch\/, ist eine unserer Hauptpriorit\u00e4ten die Privatsph\u00e4re unserer Besucher. Dieses Datenschutzdokument enth\u00e4lt Arten von Informationen, die von Zaffrane gesammelt und aufgezeichnet werden und wie wir sie verwenden. Wenn Sie zus\u00e4tzliche Fragen haben oder mehr Informationen \u00fcber unsere Datenschutzpolitik ben\u00f6tigen, z\u00f6gern Sie nicht, uns zu kontaktieren. Log-Dateien Zaffrane verwendet standardm\u00e4\u00dfig Log-Dateien. Diese [&hellip;]<\/p>\n","protected":false},"author":1,"featured_media":29414,"parent":0,"menu_order":0,"comment_status":"closed","ping_status":"closed","template":"","meta":{"_acf_changed":false,"footnotes":""},"class_list":["post-29150","page","type-page","status-publish","has-post-thumbnail","hentry"],"acf":[],"_links":{"self":[{"href":"https:\/\/zaffrane.ch\/de\/wp-json\/wp\/v2\/pages\/29150","targetHints":{"allow":["GET"]}}],"collection":[{"href":"https:\/\/zaffrane.ch\/de\/wp-json\/wp\/v2\/pages"}],"about":[{"href":"https:\/\/zaffrane.ch\/de\/wp-json\/wp\/v2\/types\/page"}],"author":[{"embeddable":true,"href":"https:\/\/zaffrane.ch\/de\/wp-json\/wp\/v2\/users\/1"}],"replies":[{"embeddable":true,"href":"https:\/\/zaffrane.ch\/de\/wp-json\/wp\/v2\/comments?post=29150"}],"version-history":[{"count":6,"href":"https:\/\/zaffrane.ch\/de\/wp-json\/wp\/v2\/pages\/29150\/revisions"}],"predecessor-version":[{"id":29425,"href":"https:\/\/zaffrane.ch\/de\/wp-json\/wp\/v2\/pages\/29150\/revisions\/29425"}],"wp:featuredmedia":[{"embeddable":true,"href":"https:\/\/zaffrane.ch\/de\/wp-json\/wp\/v2\/media\/29414"}],"wp:attachment":[{"href":"https:\/\/zaffrane.ch\/de\/wp-json\/wp\/v2\/media?parent=29150"}],"curies":[{"name":"wp","href":"https:\/\/api.w.org\/{rel}","templated":true}]}}