{"id":30230,"date":"2021-11-25T13:13:51","date_gmt":"2021-11-25T12:13:51","guid":{"rendered":"https:\/\/zaffrane.ch\/general-terms-and-conditions\/"},"modified":"2021-12-09T16:24:49","modified_gmt":"2021-12-09T15:24:49","slug":"general-terms-and-conditions","status":"publish","type":"page","link":"https:\/\/zaffrane.ch\/de\/general-terms-and-conditions\/","title":{"rendered":"Allgemeine Bedingungen und Konditionen"},"content":{"rendered":"<p><strong>Allgemeines<\/strong><\/p>\n<p>Die Allgemeinen Gesch\u00e4ftsbedingungen bilden die Grundlage f\u00fcr ein faires Kundenverh\u00e4ltnis. Wir tun unser Bestes, um unseren Kunden den besten Service zu bieten und ihre Zufriedenheit zu erf\u00fcllen. Mit dem Absenden einer Bestellung erkl\u00e4rt sich der Kunde mit den folgenden allgemeinen Gesch\u00e4ftsbedingungen einverstanden.<\/p>\n<p><strong>Geltungsbereich<\/strong><\/p>\n<p>Die Allgemeinen Gesch\u00e4ftsbedingungen gelten f\u00fcr alle Rechtsgesch\u00e4fte, die \u00fcber den Online-Shop www.zaffrane.ch abgeschlossen werden. Der Onlineshop geh\u00f6rt dem Verk\u00e4ufer Zaffrane S\u00e0rl und wird von diesem betrieben.<\/p>\n<p><strong>Produkt, Preis &amp; Bildmaterial<\/strong><\/p>\n<p>Produktabbildungen in Werbung, Prospekten, Online-Shops etc. dienen der Illustration und sind unverbindlich. Alle im Online-Shop publizierten Verkaufspreise verstehen sich als Endpreise inklusive Mehrwertsteuer f\u00fcr Schweizer Kunden. Bitte beachten Sie, dass bei Lieferungen in die EU die Einfuhrumsatzsteuer von Ihrer Eidgen\u00f6ssischen Zollverwaltung erhoben werden kann. Die Zollformalit\u00e4ten, erledigen wir f\u00fcr Sie. Aktionen auf Produkte oder Preise gelten f\u00fcr Bestellungen in\/f\u00fcr die Schweiz und die EU, es sei denn, der Verk\u00e4ufer bietet dem Kunden individuell einen Gutschein\/Promotioncode an.<\/p>\n<p><strong>Bedingungen des Vertrages<\/strong><\/p>\n<p>Die Produkte und Preise im Online-Shop gelten als Angebot, und der Verk\u00e4ufer beh\u00e4lt sich das Recht auf jede \u00c4nderung im Laufe der Zeit vor. Der Kaufvertrag \u00fcber die Produkte des Verk\u00e4ufers kommt zustande, sobald der Kunde seine Bestellung im Online-Shop, per Telefon oder E-Mail aufgibt. Der Vertragsschluss erfolgt jedoch ausdr\u00fccklich unter dem Vorbehalt einer tats\u00e4chlichen Lieferm\u00f6glichkeit und einer korrekten, fehlerfreien Preisangabe.<\/p>\n<p>Der Eingang einer Online-Bestellung wird dem Kunden durch eine automatisch generierte Bestellbest\u00e4tigung des Verk\u00e4ufers an die vom Kunden angegebene E-Mail Adresse angezeigt. Der Erhalt der automatisch generierten Auftragsbest\u00e4tigung enth\u00e4lt keine Zusicherung, dass das Produkt tats\u00e4chlich geliefert werden kann. Sie zeigt dem Kunden lediglich an, dass die aufgegebene Bestellung im Online-Shop eingegangen ist und der Vertrag mit dem Kunden somit unter der Bedingung zustande gekommen ist, dass die Lieferung m\u00f6glich ist und der Preis korrekt oder fehlerfrei ist.<\/p>\n<p><strong>Korrektheit von Rechnungs- und Kontoinformationen<\/strong><\/p>\n<p>Bitte beachten Sie, dass wir uns das Recht vorbehalten, jede Bestellung abzulehnen, die Sie bei uns aufgeben. Nach unserem alleinigen Ermessen k\u00f6nnen wir die pro Haushalt, pro Person oder pro Bestellung gekauften Mengen begrenzen, l\u00f6schen oder stornieren. Es kann Ihnen untersagt sein, Bestellungen \u00fcber dasselbe Kundenkonto, dieselbe Kreditkarte oder dieselbe Versand- und\/oder Rechnungsadresse aufzugeben. Unsere Vertriebsmitarbeiter k\u00f6nnen versuchen, Sie per E-Mail oder per Textnachricht an die bei der Bestellung angegebene E-Mail- oder Telefonnummer \u00fcber \u00c4nderungen oder Stornierungen von Bestellungen zu informieren. Bestellungen, die anscheinend von H\u00e4ndlern, Wiederverk\u00e4ufern oder Distributoren stammen, k\u00f6nnen nach unserem alleinigen Ermessen eingeschr\u00e4nkt oder verboten werden.<\/p>\n<p>F\u00fcr alle in unserem Shop get\u00e4tigten K\u00e4ufe verpflichten Sie sich, uns aktuelle, vollst\u00e4ndige und genaue Informationen \u00fcber Ihr Konto und Ihre Kaufhistorie zur Verf\u00fcgung zu stellen. Als Teil dieser Vereinbarung stimmen Sie zu, Ihr Konto und andere Informationen, einschlie\u00dflich Ihrer E-Mail-Adresse und Kreditkartennummern und Ablaufdaten, so schnell wie m\u00f6glich zu aktualisieren, damit wir Ihre Transaktionen abschlie\u00dfen und Sie bei Bedarf kontaktieren k\u00f6nnen.<\/p>\n<p><strong>Pr\u00fcfpflicht und Gew\u00e4hrleistung<\/strong><\/p>\n<p>Der Kunde hat gelieferte oder abgeholte Produkte unverz\u00fcglich auf Richtigkeit, Vollst\u00e4ndigkeit und Liefersch\u00e4den zu \u00fcberpr\u00fcfen. Liefersch\u00e4den, unrichtige und unvollst\u00e4ndige Lieferungen sind innerhalb von 5 Kalendertagen ab Abholung bzw. Zustellung zu r\u00fcgen; danach gilt die Lieferung als genehmigt. Jeglicher Ersatz von Sch\u00e4den, die der Kunde direkt oder indirekt durch eine Schlechtlieferung verursacht, wird hiermit ausdr\u00fccklich ausgeschlossen. Der Verk\u00e4ufer ist berechtigt, aber nicht verpflichtet, eine Ersatzlieferung vorzunehmen. Im \u00dcbrigen gelten die fakultativen Bestimmungen des Schweizerischen Obligationenrechts.<\/p>\n<p><strong>Haftung und Haftungsausschluss<\/strong><\/p>\n<p>Die Haftung richtet sich nach den geltenden gesetzlichen Bestimmungen. Der Verk\u00e4ufer haftet jedoch in keinem Fall f\u00fcr (i) leichte Fahrl\u00e4ssigkeit, (ii) indirekte Sch\u00e4den und Folgesch\u00e4den und entgangenen Gewinn, (iii) nicht realisierte Einsparungen, (iv) Sch\u00e4den aus Lieferverzug und (v) Handlungen oder Unterlassungen von Hilfspersonen des Verk\u00e4ufers, gleichg\u00fcltig ob vertraglicher oder au\u00dfervertraglicher Natur.<\/p>\n<p><strong>Zahlungen und Zahlungsverzug<\/strong><\/p>\n<p>Zahlungen m\u00fcssen in Schweizer Franken (CHF) f\u00fcr Schweizer Kunden und in Euro (\u20ac) f\u00fcr EU-Kunden erfolgen. Als Zahlungsmittel stehen den Kunden die im Online-Shop unter &#8222;Zahlungsoptionen&#8220; angebotenen Zahlungsm\u00f6glichkeiten zur Verf\u00fcgung. Bei Zahlung mit Kreditkarte oder anderen Sofortzahlungsmethoden erfolgt die Belastung bei der Bestellung. Bei der Zahlung per Vorkasse erfolgt die Lieferung erst nach Zahlungseingang. Die Produkte werden vom Verk\u00e4ufer f\u00fcr 10 Tage reserviert<b>.<\/b><\/p>\n<p><strong>\u00c4nderung der Bestellung oder Stornierung<\/strong><\/p>\n<p>Der Kunde ist verpflichtet, die von ihm bestellten Produkte abzunehmen. Der Verk\u00e4ufer kann nach eigenem Ermessen nachtr\u00e4gliche \u00c4nderungen oder Stornierungen von Bestellungen von Kunden akzeptieren. Tritt nach einer Bestellung oder einem Vertragsabschluss eine (teilweise) Unm\u00f6glichkeit der Lieferung (aufl\u00f6sende Bedingung) ein, wird der Kunde unverz\u00fcglich per E-Mail informiert. Wenn der Kunde bereits gezahlt hat, wird dieser Betrag zur\u00fcckerstattet. Wurde noch keine Zahlung geleistet, ist der Kunde von seiner Zahlungsverpflichtung befreit. Weitergehende Anspr\u00fcche wegen Lieferverzug oder Nichtlieferung sind ausgeschlossen.<\/p>\n<p><strong>Datenschutz<\/strong><\/p>\n<p>F\u00fcr die Verarbeitung personenbezogener Daten durch den Verk\u00e4ufer gilt unsere Datenschutzerkl\u00e4rung, die integraler Bestandteil dieser Bedingungen ist. Anwendbares Recht und Gerichtsstand.<\/p>\n<p>&nbsp;<\/p>\n<p>Der Gerichtsstand ist Clarens-Montreux.<\/p>\n<p>Clarens, 20 November 2021<\/p>\n<p>Zaffrane S\u00e0rl<\/p>\n","protected":false},"excerpt":{"rendered":"<p>Allgemeines Die Allgemeinen Gesch\u00e4ftsbedingungen bilden die Grundlage f\u00fcr ein faires Kundenverh\u00e4ltnis. Wir tun unser Bestes, um unseren Kunden den besten Service zu bieten und ihre Zufriedenheit zu erf\u00fcllen. Mit dem Absenden einer Bestellung erkl\u00e4rt sich der Kunde mit den folgenden allgemeinen Gesch\u00e4ftsbedingungen einverstanden. Geltungsbereich Die Allgemeinen Gesch\u00e4ftsbedingungen gelten f\u00fcr alle Rechtsgesch\u00e4fte, die \u00fcber den Online-Shop [&hellip;]<\/p>\n","protected":false},"author":1,"featured_media":0,"parent":0,"menu_order":0,"comment_status":"closed","ping_status":"closed","template":"","meta":{"_acf_changed":false,"footnotes":""},"class_list":["post-30230","page","type-page","status-publish","hentry"],"acf":[],"_links":{"self":[{"href":"https:\/\/zaffrane.ch\/de\/wp-json\/wp\/v2\/pages\/30230","targetHints":{"allow":["GET"]}}],"collection":[{"href":"https:\/\/zaffrane.ch\/de\/wp-json\/wp\/v2\/pages"}],"about":[{"href":"https:\/\/zaffrane.ch\/de\/wp-json\/wp\/v2\/types\/page"}],"author":[{"embeddable":true,"href":"https:\/\/zaffrane.ch\/de\/wp-json\/wp\/v2\/users\/1"}],"replies":[{"embeddable":true,"href":"https:\/\/zaffrane.ch\/de\/wp-json\/wp\/v2\/comments?post=30230"}],"version-history":[{"count":13,"href":"https:\/\/zaffrane.ch\/de\/wp-json\/wp\/v2\/pages\/30230\/revisions"}],"predecessor-version":[{"id":30380,"href":"https:\/\/zaffrane.ch\/de\/wp-json\/wp\/v2\/pages\/30230\/revisions\/30380"}],"wp:attachment":[{"href":"https:\/\/zaffrane.ch\/de\/wp-json\/wp\/v2\/media?parent=30230"}],"curies":[{"name":"wp","href":"https:\/\/api.w.org\/{rel}","templated":true}]}}