{"id":30367,"date":"2021-12-09T15:48:13","date_gmt":"2021-12-09T14:48:13","guid":{"rendered":"https:\/\/zaffrane.ch\/?page_id=30367"},"modified":"2022-02-17T18:18:04","modified_gmt":"2022-02-17T17:18:04","slug":"30367-2","status":"publish","type":"page","link":"https:\/\/zaffrane.ch\/de\/30367-2\/","title":{"rendered":"Versandpolitik"},"content":{"rendered":"<p><strong>Versandbedingungen<\/strong><\/p>\n<ul>\n<li>Mit der Auftragsbest\u00e4tigung wird dem Kunden ein vorl\u00e4ufiger Liefertermin mitgeteilt oder der Kunde wird telefonisch oder per E-Mail kontaktiert und ein individueller Liefertermin vereinbart.<\/li>\n<li>Wir legen gro\u00dfen Wert darauf, aktuelle und genaue Informationen \u00fcber Verf\u00fcgbarkeiten und Lieferzeiten im Online-Shop bereitzustellen. In Ausnahmef\u00e4llen kann es jedoch zu Lieferverz\u00f6gerungen kommen. Alle Angaben zu Verf\u00fcgbarkeiten und Lieferzeiten sind daher ohne Gew\u00e4hr und k\u00f6nnen sich jederzeit \u00e4ndern.<\/li>\n<li>Der Verk\u00e4ufer haftet nicht f\u00fcr Lieferverz\u00f6gerungen, die durch Zulieferer oder Dritte verursacht werden. Sollten nicht alle bestellten Waren vorr\u00e4tig sein, ist der Verk\u00e4ufer zu Teillieferungen berechtigt.<\/li>\n<li>Ger\u00e4t der Verk\u00e4ufer mit der Lieferung in Verzug, hat der Kunde (au\u00dfer bei Sonderbestellungen) das Recht, ab dem 30. In diesem Fall erstattet der Verk\u00e4ufer dem Kunden bereits im Voraus gezahlte Betr\u00e4ge zur\u00fcck. Weitergehende Anspr\u00fcche gegen den Verk\u00e4ufer bestehen nicht.<\/li>\n<\/ul>\n<p>&nbsp;<\/p>\n<p><strong>Lieferung und Versandkosten<\/strong><\/p>\n<ul>\n<li>Die Lieferung der bestellten Ware erfolgt in der Regel durch die Schweizerische Post an die vom Kunden angegebene Lieferadresse in der Schweiz oder in der EU. Der Verk\u00e4ufer haftet nicht f\u00fcr Lieferverz\u00f6gerungen, die durch Lieferanten oder Dritte verursacht werden.<\/li>\n<li>Die Lieferkosten sind im Endpreis inbegriffen oder werden von der Zaffrane S\u00e0rl getragen (kostenlose Lieferung f\u00fcr einen Mindesteinkauf von 15 CHF in der Schweiz). F\u00fcr Kunden aus der EU werden die Lieferkosten auf die Rechnung aufgeschlagen, es sei denn, der Verk\u00e4ufer gibt sie offiziell auf der Website an. F\u00fcr jede Anfrage kontaktieren Sie uns bitte unter info@zaffrane.ch<\/li>\n<\/ul>\n","protected":false},"excerpt":{"rendered":"<p>Versandbedingungen Mit der Auftragsbest\u00e4tigung wird dem Kunden ein vorl\u00e4ufiger Liefertermin mitgeteilt oder der Kunde wird telefonisch oder per E-Mail kontaktiert und ein individueller Liefertermin vereinbart. Wir legen gro\u00dfen Wert darauf, aktuelle und genaue Informationen \u00fcber Verf\u00fcgbarkeiten und Lieferzeiten im Online-Shop bereitzustellen. In Ausnahmef\u00e4llen kann es jedoch zu Lieferverz\u00f6gerungen kommen. Alle Angaben zu Verf\u00fcgbarkeiten und Lieferzeiten [&hellip;]<\/p>\n","protected":false},"author":2,"featured_media":0,"parent":0,"menu_order":0,"comment_status":"closed","ping_status":"closed","template":"","meta":{"_acf_changed":false,"footnotes":""},"class_list":["post-30367","page","type-page","status-publish","hentry"],"acf":[],"_links":{"self":[{"href":"https:\/\/zaffrane.ch\/de\/wp-json\/wp\/v2\/pages\/30367","targetHints":{"allow":["GET"]}}],"collection":[{"href":"https:\/\/zaffrane.ch\/de\/wp-json\/wp\/v2\/pages"}],"about":[{"href":"https:\/\/zaffrane.ch\/de\/wp-json\/wp\/v2\/types\/page"}],"author":[{"embeddable":true,"href":"https:\/\/zaffrane.ch\/de\/wp-json\/wp\/v2\/users\/2"}],"replies":[{"embeddable":true,"href":"https:\/\/zaffrane.ch\/de\/wp-json\/wp\/v2\/comments?post=30367"}],"version-history":[{"count":3,"href":"https:\/\/zaffrane.ch\/de\/wp-json\/wp\/v2\/pages\/30367\/revisions"}],"predecessor-version":[{"id":30457,"href":"https:\/\/zaffrane.ch\/de\/wp-json\/wp\/v2\/pages\/30367\/revisions\/30457"}],"wp:attachment":[{"href":"https:\/\/zaffrane.ch\/de\/wp-json\/wp\/v2\/media?parent=30367"}],"curies":[{"name":"wp","href":"https:\/\/api.w.org\/{rel}","templated":true}]}}