{"id":30678,"date":"2024-02-03T15:33:21","date_gmt":"2021-11-03T14:33:21","guid":{"rendered":"https:\/\/zaffrane.ch\/?post_type=product&#038;p=30678"},"modified":"2026-01-05T14:35:25","modified_gmt":"2026-01-05T13:35:25","slug":"saffron-threads-1-5gr","status":"publish","type":"product","link":"https:\/\/zaffrane.ch\/de\/produkt\/saffron-threads-1-5gr\/","title":{"rendered":"Safran in F\u00e4den 1.5 gr &#8211; Geschenkpaket"},"content":{"rendered":"<ul>\n<p><strong>Entdecken Sie die Exzellenz von Zaffrane<\/strong><\/p>\n<p><strong>Verschenken Sie Exzellenz:<\/strong> Die beste Wahl f\u00fcr alle Liebhaber des guten Geschmacks.<\/p>\n<p>Unser Safran ist zu 100 % nat\u00fcrlich und stammt aus einer strengen Auswahl gesunder Crocus sativus-Knollen, die mit gr\u00f6sster Sorgfalt angebaut werden. Jede Safranfaden wird sorgf\u00e4ltig von Hand geerntet, um vollen Geschmack, Aroma und Farbe in allen Rezepten zu garantieren. Unser Safran verleiht Ihren Gerichten einen unverwechselbaren Geschmack, leicht bitter, mit einer intensiven goldgelben Farbe und einem s\u00fc\u00dfen, g\u00f6ttlichen Blumenduft. Ideal f\u00fcr Reis, Fleisch, Paella, Fisch, Pasta, Suppen und Desserts, mit hervorragenden Ergebnissen.<br \/>\n<strong>Maximale F\u00e4rbekraft:<\/strong> Unsere \u201eAll-Red\u201c-F\u00e4den besitzen einen hohen Crocin-Gehalt f\u00fcr einen leuchtenden, goldgelben Glanz (Kategorie 1).<br \/>\n<strong>Reiner Safranduft:<\/strong> Ein intensiver, s\u00fcss-floraler Duft \u2013 das Qualit\u00e4tsmerkmal f\u00fcr handgeernteten Safran der G\u00fcteklasse A+.<br \/>\n<strong>Globaler Goldstandard:<\/strong> Wir selektieren ausschliesslich 100 % reinen, im Labor gepr\u00fcften Safran f\u00fcr Profi- und Hobbyk\u00f6che. <\/p>\n<\/ul>\n<ul>\n<li>Erstklassige Qualit\u00e4t<\/li>\n<li>Nettogewicht:  1.5gr <\/li>\n<li>Kategorie I-ISO3632<\/li>\n<li>Pr\u00e4sentation in Gl\u00e4sern<\/li>\n<li>iner Safran aus verantwortungsvollem Anbau<\/li>\n<li>Trocken und k\u00fchl lagern<\/li>\n<li>Haltbar bis M\u00e4rz 2028<\/li>\n<li>Laborwerte: Crocin: &gt; 261, Picrocrocin: &gt; 90, Safranal: 36, Feuchtigkeitsgehalt \u2248 5,99 %<\/li>\n<li>Frei von Farbstoffen, Geschmacksverst\u00e4rkern und k\u00fcnstlichen Aromen<\/li>\n<\/ul>\n","protected":false},"excerpt":{"rendered":"<p>Entdecken Sie die Exzellenz von Zaffrane Verschenken Sie Exzellenz: Die beste Wahl f\u00fcr alle Liebhaber des guten Geschmacks. Unser Safran ist zu 100 % nat\u00fcrlich und stammt aus einer strengen Auswahl gesunder Crocus sativus-Knollen, die mit gr\u00f6sster Sorgfalt angebaut werden. Jede Safranfaden wird sorgf\u00e4ltig von Hand geerntet, um vollen Geschmack, Aroma und Farbe in allen [&hellip;]<\/p>\n","protected":false},"featured_media":30848,"comment_status":"open","ping_status":"closed","template":"","meta":{"_acf_changed":false},"product_cat":[51],"product_tag":[],"class_list":{"0":"post-30678","1":"product","2":"type-product","3":"status-publish","4":"has-post-thumbnail","6":"product_cat-safrans","8":"first","9":"instock","10":"taxable","11":"shipping-taxable","12":"purchasable","13":"product-type-simple"},"acf":[],"_links":{"self":[{"href":"https:\/\/zaffrane.ch\/de\/wp-json\/wp\/v2\/product\/30678","targetHints":{"allow":["GET"]}}],"collection":[{"href":"https:\/\/zaffrane.ch\/de\/wp-json\/wp\/v2\/product"}],"about":[{"href":"https:\/\/zaffrane.ch\/de\/wp-json\/wp\/v2\/types\/product"}],"replies":[{"embeddable":true,"href":"https:\/\/zaffrane.ch\/de\/wp-json\/wp\/v2\/comments?post=30678"}],"wp:featuredmedia":[{"embeddable":true,"href":"https:\/\/zaffrane.ch\/de\/wp-json\/wp\/v2\/media\/30848"}],"wp:attachment":[{"href":"https:\/\/zaffrane.ch\/de\/wp-json\/wp\/v2\/media?parent=30678"}],"wp:term":[{"taxonomy":"product_cat","embeddable":true,"href":"https:\/\/zaffrane.ch\/de\/wp-json\/wp\/v2\/product_cat?post=30678"},{"taxonomy":"product_tag","embeddable":true,"href":"https:\/\/zaffrane.ch\/de\/wp-json\/wp\/v2\/product_tag?post=30678"}],"curies":[{"name":"wp","href":"https:\/\/api.w.org\/{rel}","templated":true}]}}