{"id":30730,"date":"2021-08-14T16:14:09","date_gmt":"2021-08-14T14:14:09","guid":{"rendered":"https:\/\/zaffrane.ch\/product\/zaffrane-traditional-mortar\/"},"modified":"2023-04-14T16:48:55","modified_gmt":"2023-04-14T14:48:55","slug":"zaffrane-traditional-mortar","status":"publish","type":"product","link":"https:\/\/zaffrane.ch\/de\/produkt\/zaffrane-traditional-mortar\/","title":{"rendered":"Zaffrane Traditioneller M\u00f6rser"},"content":{"rendered":"<p>Die beste Methode, Safran zu verwenden, ist es, Safran in F\u00e4den zu kaufen und diese zu mahlen, bevor man sie zu seinem Essen hinzuf\u00fcgt. Bei dieser Methode wird die gesamte Essenz der Safranf\u00e4den auf einmal freigesetzt, und es wird ein Maximum an Farbe und Geruch aus den F\u00e4den extrahiert.<\/p>\n<ul>\n<li>Der traditionelle Messingm\u00f6rser eignet sich aufgrund der verwendeten Materialien und Rohstoffe am besten zum Mahlen von Safranf\u00e4den.<\/li>\n<li>Die Safranf\u00e4den sind gut zerkleinert und lassen sich leicht mahlen, ohne am M\u00f6rser zu kleben.<\/li>\n<li>Der M\u00f6rser ist leicht zu tragen, einfach zu benutzen und zu waschen.<\/li>\n<li>Er ist langlebig, \u00e4sthetisch interessant und ein &#8222;Must-Have&#8220; in Ihrer K\u00fcche!<\/li>\n<\/ul>\n","protected":false},"excerpt":{"rendered":"<p>Die beste Methode, Safran zu verwenden, ist es, Safran in F\u00e4den zu kaufen und diese zu mahlen, bevor man sie zu seinem Essen hinzuf\u00fcgt. Bei dieser Methode wird die gesamte Essenz der Safranf\u00e4den auf einmal freigesetzt, und es wird ein Maximum an Farbe und Geruch aus den F\u00e4den extrahiert. Der traditionelle Messingm\u00f6rser eignet sich aufgrund [&hellip;]<\/p>\n","protected":false},"featured_media":30668,"comment_status":"open","ping_status":"closed","template":"","meta":{"_acf_changed":false},"product_cat":[51],"product_tag":[],"class_list":{"0":"post-30730","1":"product","2":"type-product","3":"status-publish","4":"has-post-thumbnail","6":"product_cat-safrans","8":"first","9":"outofstock","10":"taxable","11":"shipping-taxable","12":"purchasable","13":"product-type-simple"},"acf":[],"_links":{"self":[{"href":"https:\/\/zaffrane.ch\/de\/wp-json\/wp\/v2\/product\/30730","targetHints":{"allow":["GET"]}}],"collection":[{"href":"https:\/\/zaffrane.ch\/de\/wp-json\/wp\/v2\/product"}],"about":[{"href":"https:\/\/zaffrane.ch\/de\/wp-json\/wp\/v2\/types\/product"}],"replies":[{"embeddable":true,"href":"https:\/\/zaffrane.ch\/de\/wp-json\/wp\/v2\/comments?post=30730"}],"wp:featuredmedia":[{"embeddable":true,"href":"https:\/\/zaffrane.ch\/de\/wp-json\/wp\/v2\/media\/30668"}],"wp:attachment":[{"href":"https:\/\/zaffrane.ch\/de\/wp-json\/wp\/v2\/media?parent=30730"}],"wp:term":[{"taxonomy":"product_cat","embeddable":true,"href":"https:\/\/zaffrane.ch\/de\/wp-json\/wp\/v2\/product_cat?post=30730"},{"taxonomy":"product_tag","embeddable":true,"href":"https:\/\/zaffrane.ch\/de\/wp-json\/wp\/v2\/product_tag?post=30730"}],"curies":[{"name":"wp","href":"https:\/\/api.w.org\/{rel}","templated":true}]}}