{"id":29122,"date":"2021-06-22T10:34:06","date_gmt":"2021-06-22T10:34:06","guid":{"rendered":"https:\/\/www.zaffrane.ch\/products\/"},"modified":"2026-01-08T19:33:20","modified_gmt":"2026-01-08T18:33:20","slug":"produits","status":"publish","type":"page","link":"https:\/\/zaffrane.ch\/fr\/produits\/","title":{"rendered":"Produits"},"content":{"rendered":"<p><strong>R\u00e9colt\u00e9 pour la perfection<\/strong><\/p>\n<div align=\" justify\"><em>Pur et naturel<\/em>, notre safran provient d&rsquo;une s\u00e9lection rigoureuse de bulbes de Crocus sativus de premi\u00e8re qualit\u00e9, cultiv\u00e9s avec le plus grand soin. Chaque stigmate de safran est d\u00e9licatement r\u00e9colt\u00e9 \u00e0 la main et s\u00e9ch\u00e9 \u00e0 l&rsquo;air libre afin de garantir un maximum de saveur. Notre Zaffrane ajoute une saveur distinctive \u00e0 vos plats gr\u00e2ce \u00e0 son ar\u00f4me de miel, sa couleur dor\u00e9e \u00e9clatante et son go\u00fbt l\u00e9g\u00e8rement amer. Sans additifs, 100 % naturel, notre safran passe directement de nos champs \u00e0 votre cuisine.<\/div>\n<ul>\n<\/ul>\n<p><strong>Prot\u00e9g\u00e9 pour la perfection<\/strong><\/p>\n<div align=\" justify\"><em>Preserved and Sustainable<\/em>, le safran est un tr\u00e9sor d\u00e9licat, sensible \u00e0 la lumi\u00e8re, \u00e0 la chaleur et \u00e0 l&rsquo;humidit\u00e9. Afin de vous garantir tous les bienfaits et l&rsquo;ar\u00f4me intense de chaque filament, Zaffrane S\u00e0rl utilise des emballages sp\u00e9cialis\u00e9s, herm\u00e9tiques et durables pour prot\u00e9ger votre safran des \u00e9l\u00e9ments ext\u00e9rieurs et des chocs physiques, pr\u00e9servant ainsi son essence et ses propri\u00e9t\u00e9s naturelles. D\u00e9couvrez la puret\u00e9 d&rsquo;un safran exceptionnel avec Zaffrane.<\/div>\n","protected":false},"excerpt":{"rendered":"<p>R\u00e9colt\u00e9 pour la perfection Pur et naturel, notre safran provient d&rsquo;une s\u00e9lection rigoureuse de bulbes de Crocus sativus de premi\u00e8re qualit\u00e9, cultiv\u00e9s avec le plus grand soin. Chaque stigmate de safran est d\u00e9licatement r\u00e9colt\u00e9 \u00e0 la main et s\u00e9ch\u00e9 \u00e0 l&rsquo;air libre afin de garantir un maximum de saveur. Notre Zaffrane ajoute une saveur distinctive [&hellip;]<\/p>\n","protected":false},"author":1,"featured_media":0,"parent":0,"menu_order":0,"comment_status":"closed","ping_status":"closed","template":"page-product.php","meta":{"_acf_changed":false,"footnotes":""},"class_list":["post-29122","page","type-page","status-publish","hentry"],"acf":[],"_links":{"self":[{"href":"https:\/\/zaffrane.ch\/fr\/wp-json\/wp\/v2\/pages\/29122","targetHints":{"allow":["GET"]}}],"collection":[{"href":"https:\/\/zaffrane.ch\/fr\/wp-json\/wp\/v2\/pages"}],"about":[{"href":"https:\/\/zaffrane.ch\/fr\/wp-json\/wp\/v2\/types\/page"}],"author":[{"embeddable":true,"href":"https:\/\/zaffrane.ch\/fr\/wp-json\/wp\/v2\/users\/1"}],"replies":[{"embeddable":true,"href":"https:\/\/zaffrane.ch\/fr\/wp-json\/wp\/v2\/comments?post=29122"}],"version-history":[{"count":9,"href":"https:\/\/zaffrane.ch\/fr\/wp-json\/wp\/v2\/pages\/29122\/revisions"}],"predecessor-version":[{"id":31075,"href":"https:\/\/zaffrane.ch\/fr\/wp-json\/wp\/v2\/pages\/29122\/revisions\/31075"}],"wp:attachment":[{"href":"https:\/\/zaffrane.ch\/fr\/wp-json\/wp\/v2\/media?parent=29122"}],"curies":[{"name":"wp","href":"https:\/\/api.w.org\/{rel}","templated":true}]}}