{"id":29149,"date":"2021-06-23T15:34:43","date_gmt":"2021-06-23T13:34:43","guid":{"rendered":"https:\/\/www.zaffrane.ch\/privacy-policy\/"},"modified":"2021-07-14T08:26:01","modified_gmt":"2021-07-14T06:26:01","slug":"politique-de-confidentialite","status":"publish","type":"page","link":"https:\/\/zaffrane.ch\/fr\/politique-de-confidentialite\/","title":{"rendered":"Politique de confidentialit\u00e9"},"content":{"rendered":"<p>Chez Zaffrane, accessible depuis https:\/\/www.zaffrane.ch\/, l&rsquo;une de nos principales priorit\u00e9s est le respect de la vie priv\u00e9e de nos visiteurs. Ce document de politique de confidentialit\u00e9 contient les types d&rsquo;informations qui sont collect\u00e9es et enregistr\u00e9es par Zaffrane et la mani\u00e8re dont nous les utilisons.<\/p>\n<p>Si vous avez des questions suppl\u00e9mentaires ou si vous souhaitez obtenir plus d&rsquo;informations sur notre politique de confidentialit\u00e9, n&rsquo;h\u00e9sitez pas \u00e0 <a href=\"https:\/\/www.zaffrane.ch\/fr\/contact\/\">nous contacter<\/a>.<\/p>\n<h2>Fichiers logs<\/h2>\n<p>Zaffrane suit une proc\u00e9dure standard d&rsquo;utilisation de fichiers journaux. Ces fichiers enregistrent les visiteurs lorsqu&rsquo;ils se rendent sur des sites web. Toutes les soci\u00e9t\u00e9s d&rsquo;h\u00e9bergement le font et cela fait partie de l&rsquo;analyse des services d&rsquo;h\u00e9bergement. Les informations collect\u00e9es par les fichiers journaux comprennent les adresses de protocole Internet (IP), le type de navigateur, le fournisseur d&rsquo;acc\u00e8s Internet (FAI), la date et l&rsquo;heure, les pages de renvoi et de sortie, et \u00e9ventuellement le nombre de clics. Ces donn\u00e9es ne sont pas li\u00e9es \u00e0 des informations permettant d&rsquo;identifier une personne. Elles servent \u00e0 analyser les tendances, \u00e0 administrer le site, \u00e0 suivre les d\u00e9placements des utilisateurs sur le site et \u00e0 recueillir des informations d\u00e9mographiques.<\/p>\n<h2>Cookies et balises Web<\/h2>\n<p>Comme tout autre site web, Zaffrane utilise des \u00ab\u00a0cookies\u00a0\u00bb. Ces cookies sont utilis\u00e9s pour stocker des informations, notamment les pr\u00e9f\u00e9rences des visiteurs et les pages du site web auxquelles le visiteur a acc\u00e9d\u00e9 ou qu&rsquo;il a visit\u00e9es. Ces informations sont utilis\u00e9es pour optimiser l&rsquo;exp\u00e9rience des utilisateurs en personnalisant le contenu de nos pages web en fonction du type de navigateur des visiteurs et\/ou d&rsquo;autres informations.<\/p>\n<h2>Politiques de confidentialit\u00e9<\/h2>\n<p>Vous pouvez consulter cette liste pour trouver la politique de confidentialit\u00e9 de chacun des partenaires publicitaires de Zaffrane.<\/p>\n<p>Les serveurs publicitaires ou r\u00e9seaux publicitaires tiers utilisent des technologies telles que les cookies, le JavaScript ou les balises Web qui sont utilis\u00e9es dans leurs publicit\u00e9s et liens respectifs apparaissant sur Zaffrane, qui sont envoy\u00e9s directement au navigateur des utilisateurs. Ils re\u00e7oivent automatiquement votre adresse IP lorsque cela se produit. Ces technologies sont utilis\u00e9es pour mesurer l&rsquo;efficacit\u00e9 de leurs campagnes publicitaires et\/ou pour personnaliser le contenu publicitaire que vous voyez sur les sites web que vous visitez.<\/p>\n<h2>Informations relatives aux enfants<\/h2>\n<p>Une autre partie de notre priorit\u00e9 est d&rsquo;ajouter la protection des enfants lorsqu&rsquo;ils utilisent l&rsquo;internet. Nous encourageons les parents et les tuteurs \u00e0 observer, participer et\/ou surveiller et guider leur activit\u00e9 en ligne.<\/p>\n<p>Zaffrane ne collecte pas sciemment d&rsquo;informations personnelles identifiables aupr\u00e8s d&rsquo;enfants de moins de 13 ans. Si vous pensez que votre enfant a fourni ce type d&rsquo;informations sur notre site web, nous vous encourageons vivement \u00e0 nous contacter imm\u00e9diatement et nous ferons tout notre possible pour supprimer rapidement ces informations de nos dossiers.<\/p>\n<h2>Politique de confidentialit\u00e9 en ligne uniquement<\/h2>\n<p>Cette politique de confidentialit\u00e9 s&rsquo;applique uniquement \u00e0 nos activit\u00e9s en ligne et est valable pour les visiteurs de notre site web en ce qui concerne les informations qu&rsquo;ils ont partag\u00e9es et\/ou collect\u00e9es sur Zaffrane. Cette politique n&rsquo;est pas applicable aux informations collect\u00e9es hors ligne ou via des canaux autres que ce site web.<\/p>\n<h2>Consentement<\/h2>\n<p>En utilisant notre site web, vous consentez par la pr\u00e9sente \u00e0 notre politique de confidentialit\u00e9 et acceptez ses conditions g\u00e9n\u00e9rales.<\/p>\n<p>Traduit avec www.DeepL.com\/Translator (version gratuite)<\/p>\n","protected":false},"excerpt":{"rendered":"<p>Chez Zaffrane, accessible depuis https:\/\/www.zaffrane.ch\/, l&rsquo;une de nos principales priorit\u00e9s est le respect de la vie priv\u00e9e de nos visiteurs. Ce document de politique de confidentialit\u00e9 contient les types d&rsquo;informations qui sont collect\u00e9es et enregistr\u00e9es par Zaffrane et la mani\u00e8re dont nous les utilisons. Si vous avez des questions suppl\u00e9mentaires ou si vous souhaitez obtenir [&hellip;]<\/p>\n","protected":false},"author":1,"featured_media":29413,"parent":0,"menu_order":0,"comment_status":"closed","ping_status":"closed","template":"","meta":{"_acf_changed":false,"footnotes":""},"class_list":["post-29149","page","type-page","status-publish","has-post-thumbnail","hentry"],"acf":[],"_links":{"self":[{"href":"https:\/\/zaffrane.ch\/fr\/wp-json\/wp\/v2\/pages\/29149","targetHints":{"allow":["GET"]}}],"collection":[{"href":"https:\/\/zaffrane.ch\/fr\/wp-json\/wp\/v2\/pages"}],"about":[{"href":"https:\/\/zaffrane.ch\/fr\/wp-json\/wp\/v2\/types\/page"}],"author":[{"embeddable":true,"href":"https:\/\/zaffrane.ch\/fr\/wp-json\/wp\/v2\/users\/1"}],"replies":[{"embeddable":true,"href":"https:\/\/zaffrane.ch\/fr\/wp-json\/wp\/v2\/comments?post=29149"}],"version-history":[{"count":7,"href":"https:\/\/zaffrane.ch\/fr\/wp-json\/wp\/v2\/pages\/29149\/revisions"}],"predecessor-version":[{"id":29424,"href":"https:\/\/zaffrane.ch\/fr\/wp-json\/wp\/v2\/pages\/29149\/revisions\/29424"}],"wp:featuredmedia":[{"embeddable":true,"href":"https:\/\/zaffrane.ch\/fr\/wp-json\/wp\/v2\/media\/29413"}],"wp:attachment":[{"href":"https:\/\/zaffrane.ch\/fr\/wp-json\/wp\/v2\/media?parent=29149"}],"curies":[{"name":"wp","href":"https:\/\/api.w.org\/{rel}","templated":true}]}}