{"id":29156,"date":"2021-06-23T15:36:14","date_gmt":"2021-06-23T13:36:14","guid":{"rendered":"https:\/\/www.zaffrane.ch\/terms-and-uses\/"},"modified":"2021-07-14T08:22:53","modified_gmt":"2021-07-14T06:22:53","slug":"mentions-legales","status":"publish","type":"page","link":"https:\/\/zaffrane.ch\/fr\/mentions-legales\/","title":{"rendered":"Mentions l\u00e9gales"},"content":{"rendered":"<p>Le propri\u00e9taire, l\u2019administrateur et l\u2019\u00e9diteur de ce site Internet est la soci\u00e9t\u00e9 Zaffrane SARL inscrite dans le Canton de Vaud sous l\u2019IDI CHE-143.878.230 et domicili\u00e9e Route de Chailly 9, 1815 Clarens, Suisse. Email : info@zaffrane.ch<\/p>\n<p><strong>Cr\u00e9ation et gestion du site par<\/strong>: <a href=\"https:\/\/www.simplydesign.ch\" target=\"_blank\" rel=\"noopener\">Agence Web Simply Design<\/a>, Avenue de Champel 8C, 1206 Gen\u00e8ve, Suisse.<\/p>\n<p><strong>H\u00e9bergement web:<\/strong> Infomaniak Network SA, Avenue de la Praille 26, 1227 Geneva, Switzerland.<\/p>\n<p><strong>Cr\u00e9dits photos:<\/strong> www.deeez.co; www.shutterstock.com; www.dooman.media<\/p>\n<h2>Propri\u00e9t\u00e9 intellectuelle et contrefa\u00e7ons<\/h2>\n<p>Zaffrane SARL est propri\u00e9taire des droits de propri\u00e9t\u00e9 intellectuelle ou d\u00e9tient les droits d\u2019usage sur tous les \u00e9l\u00e9ments accessibles sur le site, notamment : la marque \u00ab Zaffrane \u00bb, les textes, les images, les graphismes, le logo, les ic\u00f4nes, \u2026<\/p>\n<p>Toute reproduction, repr\u00e9sentation, modification, publication, adaptation de tout ou partie des \u00e9l\u00e9ments du site, quel que soit le moyen ou le proc\u00e9d\u00e9 utilis\u00e9, est interdite, sauf autorisation \u00e9crite pr\u00e9alable de l\u2019entreprise Zaffrane SARL.<\/p>\n<p>Toute exploitation non autoris\u00e9e du site ou d\u2019un quelconque \u00e9l\u00e9ment qu\u2019il contient sera consid\u00e9r\u00e9e comme constitutive d\u2019une contrefa\u00e7on et passible de poursuite.<\/p>\n","protected":false},"excerpt":{"rendered":"<p>Le propri\u00e9taire, l\u2019administrateur et l\u2019\u00e9diteur de ce site Internet est la soci\u00e9t\u00e9 Zaffrane SARL inscrite dans le Canton de Vaud sous l\u2019IDI CHE-143.878.230 et domicili\u00e9e Route de Chailly 9, 1815 Clarens, Suisse. Email : info@zaffrane.ch Cr\u00e9ation et gestion du site par: Agence Web Simply Design, Avenue de Champel 8C, 1206 Gen\u00e8ve, Suisse. H\u00e9bergement web: Infomaniak [&hellip;]<\/p>\n","protected":false},"author":1,"featured_media":29413,"parent":0,"menu_order":0,"comment_status":"closed","ping_status":"closed","template":"","meta":{"_acf_changed":false,"footnotes":""},"class_list":["post-29156","page","type-page","status-publish","has-post-thumbnail","hentry"],"acf":[],"_links":{"self":[{"href":"https:\/\/zaffrane.ch\/fr\/wp-json\/wp\/v2\/pages\/29156","targetHints":{"allow":["GET"]}}],"collection":[{"href":"https:\/\/zaffrane.ch\/fr\/wp-json\/wp\/v2\/pages"}],"about":[{"href":"https:\/\/zaffrane.ch\/fr\/wp-json\/wp\/v2\/types\/page"}],"author":[{"embeddable":true,"href":"https:\/\/zaffrane.ch\/fr\/wp-json\/wp\/v2\/users\/1"}],"replies":[{"embeddable":true,"href":"https:\/\/zaffrane.ch\/fr\/wp-json\/wp\/v2\/comments?post=29156"}],"version-history":[{"count":5,"href":"https:\/\/zaffrane.ch\/fr\/wp-json\/wp\/v2\/pages\/29156\/revisions"}],"predecessor-version":[{"id":29441,"href":"https:\/\/zaffrane.ch\/fr\/wp-json\/wp\/v2\/pages\/29156\/revisions\/29441"}],"wp:featuredmedia":[{"embeddable":true,"href":"https:\/\/zaffrane.ch\/fr\/wp-json\/wp\/v2\/media\/29413"}],"wp:attachment":[{"href":"https:\/\/zaffrane.ch\/fr\/wp-json\/wp\/v2\/media?parent=29156"}],"curies":[{"name":"wp","href":"https:\/\/api.w.org\/{rel}","templated":true}]}}