{"id":30364,"date":"2021-12-09T15:47:41","date_gmt":"2021-12-09T14:47:41","guid":{"rendered":"https:\/\/zaffrane.ch\/?page_id=30364"},"modified":"2022-02-17T18:17:33","modified_gmt":"2022-02-17T17:17:33","slug":"30364-2","status":"publish","type":"page","link":"https:\/\/zaffrane.ch\/fr\/30364-2\/","title":{"rendered":"Politique d&rsquo;exp\u00e9dition"},"content":{"rendered":"<p><strong>Politique d&rsquo;exp\u00e9dition<\/strong><\/p>\n<ul>\n<li>Avec la confirmation de la commande, le client est inform\u00e9 d&rsquo;une date de livraison provisoire ou le client est contact\u00e9 par t\u00e9l\u00e9phone ou par e-mail ; une date de livraison individuelle est convenue.<\/li>\n<li>Nous attachons une grande importance \u00e0 fournir des informations actualis\u00e9es et pr\u00e9cises sur les disponibilit\u00e9s et les d\u00e9lais de livraison dans la boutique en ligne. Toutefois, dans des cas exceptionnels, des retards de livraison peuvent survenir. Toutes les informations sur la disponibilit\u00e9 et le d\u00e9lai de livraison sont donc sans garantie et peuvent changer \u00e0 tout moment.<\/li>\n<li>Le vendeur n&rsquo;est pas responsable des retards de livraison caus\u00e9s par des fournisseurs ou des tiers. Si toutes les marchandises command\u00e9es ne sont pas en stock, le vendeur est autoris\u00e9 \u00e0 effectuer des livraisons partielles.<\/li>\n<li>Si le vendeur est en retard de livraison, le client (\u00e0 l&rsquo;exception des commandes sp\u00e9ciales) a le droit de se retirer du contrat \u00e0 partir du 30\u00e8me jour civil depuis la date de livraison initialement annonc\u00e9e. Dans ce cas, le vendeur remboursera au client les montants d\u00e9j\u00e0 pay\u00e9s d&rsquo;avance. Il n&rsquo;y a pas d&rsquo;autres droits contre le vendeur.<\/li>\n<\/ul>\n<p><strong>\u00a0<\/strong><\/p>\n<p><strong>Livraison et frais d&rsquo;exp\u00e9dition<\/strong><\/p>\n<ul>\n<li>Les marchandises command\u00e9es sont g\u00e9n\u00e9ralement livr\u00e9es par la Poste suisse \u00e0 l&rsquo;adresse de livraison indiqu\u00e9e par le client en Suisse ou dans l&rsquo;UE. Le vendeur n&rsquo;est pas responsable des retards de livraison caus\u00e9s par des fournisseurs ou des tiers.<\/li>\n<li>Les frais de livraison sont inclus dans le prix final ou sont \u00e0 la charge de Zaffrane S\u00e0rl (livraison gratuite pour un achat minimum de 15 CHF en Suisse). Pour les clients de l&rsquo;UE, les frais de livraison seront ajout\u00e9s \u00e0 leur facture, \u00e0 moins que le vendeur ne le d\u00e9clare officiellement sur le site web. Pour toute question, veuillez nous contacter \u00e0 info@zaffrane.ch.<\/li>\n<\/ul>\n","protected":false},"excerpt":{"rendered":"<p>Politique d&rsquo;exp\u00e9dition Avec la confirmation de la commande, le client est inform\u00e9 d&rsquo;une date de livraison provisoire ou le client est contact\u00e9 par t\u00e9l\u00e9phone ou par e-mail ; une date de livraison individuelle est convenue. Nous attachons une grande importance \u00e0 fournir des informations actualis\u00e9es et pr\u00e9cises sur les disponibilit\u00e9s et les d\u00e9lais de livraison [&hellip;]<\/p>\n","protected":false},"author":2,"featured_media":0,"parent":0,"menu_order":0,"comment_status":"closed","ping_status":"closed","template":"","meta":{"_acf_changed":false,"footnotes":""},"class_list":["post-30364","page","type-page","status-publish","hentry"],"acf":[],"_links":{"self":[{"href":"https:\/\/zaffrane.ch\/fr\/wp-json\/wp\/v2\/pages\/30364","targetHints":{"allow":["GET"]}}],"collection":[{"href":"https:\/\/zaffrane.ch\/fr\/wp-json\/wp\/v2\/pages"}],"about":[{"href":"https:\/\/zaffrane.ch\/fr\/wp-json\/wp\/v2\/types\/page"}],"author":[{"embeddable":true,"href":"https:\/\/zaffrane.ch\/fr\/wp-json\/wp\/v2\/users\/2"}],"replies":[{"embeddable":true,"href":"https:\/\/zaffrane.ch\/fr\/wp-json\/wp\/v2\/comments?post=30364"}],"version-history":[{"count":3,"href":"https:\/\/zaffrane.ch\/fr\/wp-json\/wp\/v2\/pages\/30364\/revisions"}],"predecessor-version":[{"id":30456,"href":"https:\/\/zaffrane.ch\/fr\/wp-json\/wp\/v2\/pages\/30364\/revisions\/30456"}],"wp:attachment":[{"href":"https:\/\/zaffrane.ch\/fr\/wp-json\/wp\/v2\/media?parent=30364"}],"curies":[{"name":"wp","href":"https:\/\/api.w.org\/{rel}","templated":true}]}}