{"id":30170,"date":"2024-01-02T10:50:22","date_gmt":"2021-11-04T09:50:22","guid":{"rendered":"https:\/\/zaffrane.ch\/product\/zaffrane-superior-saffron-threads-0-5-gr\/"},"modified":"2026-01-05T14:53:15","modified_gmt":"2026-01-05T13:53:15","slug":"fils-de-safran-pur-persan-de-qualite-superieure-0-5-gr","status":"publish","type":"product","link":"https:\/\/zaffrane.ch\/fr\/produit\/fils-de-safran-pur-persan-de-qualite-superieure-0-5-gr\/","title":{"rendered":"Safran en filament0.5 gr"},"content":{"rendered":"<p><strong> L&rsquo;excellence Zaffrane : une diff\u00e9rence \u00e0 savourer <\/strong><\/p>\n<p><strong>Offrez l&rsquo;excellence:<\/strong> Le meilleur choix pour ceux qui d\u00e9couvrent le safran pour la premi\u00e8re fois.<\/p>\n<p>Notre safran est 100% naturel, provient d&rsquo;une s\u00e9lection rigoureuse de bulbes de Crocus sativus sains, cultiv\u00e9s avec le plus grand soin. Chaque stigmate de safran est d\u00e9licatement r\u00e9colt\u00e9 \u00e0 la main afin de garantir toute la saveur, l\u2019odeur et la couleur \u00e0 toutes les recettes. Notre safran ajoute une saveur distinctive \u00e0 vos plats, l\u00e9g\u00e8rement am\u00e8re, avec une couleur jaune dor\u00e9 intense et un parfum floral sucr\u00e9 et divin. Id\u00e9al pour le riz, la viande, la paella, le poisson, les p\u00e2tes, les soupes et les desserts, avec des r\u00e9sultats exquis. <\/p>\n<p><strong> Profil aromatique distinctif:<\/strong> Une saveur complexe et subtilement am\u00e8re qui sublime vos plats sucr\u00e9s et sal\u00e9s.<br \/>\n<strong> Pouvoir colorant intense:<\/strong> Nos fils \u00ab\u00a0All-Red\u00a0\u00bb (enti\u00e8rement rouges) offrent une coloration jaune dor\u00e9 \u00e9clatante, garante d&rsquo;une qualit\u00e9 Grade A+.<br \/>\n<strong> Parfum floral envo\u00fbtant: <\/strong> Un ar\u00f4me luxueux et sucr\u00e9, signature des meilleurs crus mondiaux.<br \/>\n<strong> Qualit\u00e9 superior Mondiale:<\/strong> Zaffrane s\u00e9lectionne uniquement le safran le plus pur pour satisfaire les gourmets les plus exigeants.<\/p>\n<\/ul>\n<ul>\n<li>Qualit\u00e9 supr\u00eame<\/li>\n<li>Pr\u00e9sentation en bocaux en verre<\/li>\n<li>Poids net : 0.5 gr<\/li>\n<li>Cat\u00e9gorie I-ISO 3632<\/li>\n<li>Culture responsable<\/li>\n<li>Conserver dans un endroit sec et frais<\/li>\n<li>\u00c0 utiliser avant mars 2028<\/li>\n<li>Valeurs de laboratoire : Crocine : &gt; 261 ; Picrocrocine : &gt; 90 ; Safranal : 36 ; Teneur en humidit\u00e9 \u2248 5,99 %<\/li>\n<li>Sans colorants, exhausteurs de go\u00fbt et ar\u00f4mes artificiels<\/li>\n<\/ul>\n","protected":false},"excerpt":{"rendered":"<p>L&rsquo;excellence Zaffrane : une diff\u00e9rence \u00e0 savourer Offrez l&rsquo;excellence: Le meilleur choix pour ceux qui d\u00e9couvrent le safran pour la premi\u00e8re fois. Notre safran est 100% naturel, provient d&rsquo;une s\u00e9lection rigoureuse de bulbes de Crocus sativus sains, cultiv\u00e9s avec le plus grand soin. Chaque stigmate de safran est d\u00e9licatement r\u00e9colt\u00e9 \u00e0 la main afin de [&hellip;]<\/p>\n","protected":false},"featured_media":30923,"comment_status":"open","ping_status":"closed","template":"","meta":{"_acf_changed":false},"product_cat":[50],"product_tag":[],"class_list":{"0":"post-30170","1":"product","2":"type-product","3":"status-publish","4":"has-post-thumbnail","6":"product_cat-safran","8":"first","9":"instock","10":"taxable","11":"shipping-taxable","12":"purchasable","13":"product-type-simple"},"acf":[],"_links":{"self":[{"href":"https:\/\/zaffrane.ch\/fr\/wp-json\/wp\/v2\/product\/30170","targetHints":{"allow":["GET"]}}],"collection":[{"href":"https:\/\/zaffrane.ch\/fr\/wp-json\/wp\/v2\/product"}],"about":[{"href":"https:\/\/zaffrane.ch\/fr\/wp-json\/wp\/v2\/types\/product"}],"replies":[{"embeddable":true,"href":"https:\/\/zaffrane.ch\/fr\/wp-json\/wp\/v2\/comments?post=30170"}],"wp:featuredmedia":[{"embeddable":true,"href":"https:\/\/zaffrane.ch\/fr\/wp-json\/wp\/v2\/media\/30923"}],"wp:attachment":[{"href":"https:\/\/zaffrane.ch\/fr\/wp-json\/wp\/v2\/media?parent=30170"}],"wp:term":[{"taxonomy":"product_cat","embeddable":true,"href":"https:\/\/zaffrane.ch\/fr\/wp-json\/wp\/v2\/product_cat?post=30170"},{"taxonomy":"product_tag","embeddable":true,"href":"https:\/\/zaffrane.ch\/fr\/wp-json\/wp\/v2\/product_tag?post=30170"}],"curies":[{"name":"wp","href":"https:\/\/api.w.org\/{rel}","templated":true}]}}