{"id":30727,"date":"2021-08-14T16:14:09","date_gmt":"2021-08-14T14:14:09","guid":{"rendered":"https:\/\/zaffrane.ch\/product\/zaffrane-traditional-mortar\/"},"modified":"2023-04-14T16:45:26","modified_gmt":"2023-04-14T14:45:26","slug":"zaffrane-traditional-mortar","status":"publish","type":"product","link":"https:\/\/zaffrane.ch\/fr\/produit\/zaffrane-traditional-mortar\/","title":{"rendered":"Zaffrane Traditional Mortar"},"content":{"rendered":"<p>La meilleure m\u00e9thode d&rsquo;utilisation du safran consiste \u00e0 acheter du safran en filaments et \u00e0 les moudre juste avant de les ajouter \u00e0 votre repas. Cette m\u00e9thode permet de lib\u00e9rer toute l&rsquo;essence des filaments de safran en une seule fois et d&rsquo;extraire le maximum de couleur et d&rsquo;odeur des fils.<\/p>\n<ul>\n<li>Le mortier traditionnel en laiton est le meilleur pour broyer les fils de safran, en raison des mat\u00e9riaux et des ingr\u00e9dients bruts qui y sont utilis\u00e9s.<\/li>\n<li>Les filaments de safran sont bien \u00e9cras\u00e9s et peuvent \u00eatre facilement broy\u00e9s sans coller au mortier.<\/li>\n<li>Il est l\u00e9ger \u00e0 transporter et facile \u00e0 utiliser et \u00e0 laver.<\/li>\n<li>Il est durable, esth\u00e9tiquement int\u00e9ressant et indispensable dans votre cuisine !<\/li>\n<\/ul>\n","protected":false},"excerpt":{"rendered":"<p>La meilleure m\u00e9thode d&rsquo;utilisation du safran consiste \u00e0 acheter du safran en filaments et \u00e0 les moudre juste avant de les ajouter \u00e0 votre repas. Cette m\u00e9thode permet de lib\u00e9rer toute l&rsquo;essence des filaments de safran en une seule fois et d&rsquo;extraire le maximum de couleur et d&rsquo;odeur des fils. Le mortier traditionnel en laiton [&hellip;]<\/p>\n","protected":false},"featured_media":30667,"comment_status":"open","ping_status":"closed","template":"","meta":{"_acf_changed":false},"product_cat":[50],"product_tag":[],"class_list":{"0":"post-30727","1":"product","2":"type-product","3":"status-publish","4":"has-post-thumbnail","6":"product_cat-safran","8":"first","9":"outofstock","10":"taxable","11":"shipping-taxable","12":"purchasable","13":"product-type-simple"},"acf":[],"_links":{"self":[{"href":"https:\/\/zaffrane.ch\/fr\/wp-json\/wp\/v2\/product\/30727","targetHints":{"allow":["GET"]}}],"collection":[{"href":"https:\/\/zaffrane.ch\/fr\/wp-json\/wp\/v2\/product"}],"about":[{"href":"https:\/\/zaffrane.ch\/fr\/wp-json\/wp\/v2\/types\/product"}],"replies":[{"embeddable":true,"href":"https:\/\/zaffrane.ch\/fr\/wp-json\/wp\/v2\/comments?post=30727"}],"wp:featuredmedia":[{"embeddable":true,"href":"https:\/\/zaffrane.ch\/fr\/wp-json\/wp\/v2\/media\/30667"}],"wp:attachment":[{"href":"https:\/\/zaffrane.ch\/fr\/wp-json\/wp\/v2\/media?parent=30727"}],"wp:term":[{"taxonomy":"product_cat","embeddable":true,"href":"https:\/\/zaffrane.ch\/fr\/wp-json\/wp\/v2\/product_cat?post=30727"},{"taxonomy":"product_tag","embeddable":true,"href":"https:\/\/zaffrane.ch\/fr\/wp-json\/wp\/v2\/product_tag?post=30727"}],"curies":[{"name":"wp","href":"https:\/\/api.w.org\/{rel}","templated":true}]}}